{"id":44,"date":"2022-09-14T17:08:21","date_gmt":"2022-09-14T17:08:21","guid":{"rendered":"https:\/\/suiza.mex.trade\/?page_id=44"},"modified":"2023-06-29T04:13:43","modified_gmt":"2023-06-29T04:13:43","slug":"restaurantes","status":"publish","type":"page","link":"https:\/\/suiza.mex.trade\/?page_id=44","title":{"rendered":"Restaurantes Mexicanos en Suiza"},"content":{"rendered":"\t\t<div data-elementor-type=\"wp-page\" data-elementor-id=\"44\" class=\"elementor elementor-44\" data-elementor-post-type=\"page\">\n\t\t\t\t\t\t<section class=\"elementor-section elementor-top-section elementor-element elementor-element-66afbd94 elementor-section-boxed elementor-section-height-default elementor-section-height-default\" data-id=\"66afbd94\" data-element_type=\"section\" data-e-type=\"section\">\n\t\t\t\t\t\t<div class=\"elementor-container elementor-column-gap-default\">\n\t\t\t\t\t<div class=\"elementor-column elementor-col-100 elementor-top-column elementor-element elementor-element-7c8dd388\" data-id=\"7c8dd388\" data-element_type=\"column\" data-e-type=\"column\">\n\t\t\t<div class=\"elementor-widget-wrap elementor-element-populated\">\n\t\t\t\t\t\t<div class=\"elementor-element elementor-element-708fb7b elementor-widget elementor-widget-text-editor\" data-id=\"708fb7b\" data-element_type=\"widget\" data-e-type=\"widget\" data-widget_type=\"text-editor.default\">\n\t\t\t\t<div class=\"elementor-widget-container\">\n\t\t\t\t\t\t\t\t\t<p><a href=\"https:\/\/www.parada30.ch\" target=\"_blank\" rel=\"noopener\">Parada 30 en Thun<\/a><\/p><p><a href=\"https:\/\/cartell.ch\" target=\"_blank\" rel=\"noopener\">El cartell en Basel<\/a><\/p><p><a href=\"https:\/\/la-chamaca.ch\/\" target=\"_blank\" rel=\"noopener\">La chamaca<\/a><\/p>\t\t\t\t\t\t\t\t<\/div>\n\t\t\t\t<\/div>\n\t\t\t\t<div class=\"elementor-element elementor-element-bcba6b2 elementor-widget elementor-widget-text-editor\" data-id=\"bcba6b2\" data-element_type=\"widget\" data-e-type=\"widget\" data-widget_type=\"text-editor.default\">\n\t\t\t\t<div class=\"elementor-widget-container\">\n\t\t\t\t\t\t\t\t\t<p>Si est\u00e1s buscando la experiencia definitiva de comer comida mexicana en Suiza, no busques m\u00e1s all\u00e1 de nuestra selecci\u00f3n cuidadosamente elegida de los mejores restaurantes y servicios de catering especializados en aut\u00e9ntica comida mexicana. Descubre los sabores ricos y vibrantes de M\u00e9xico, justo aqu\u00ed en Suiza. \u00bfEntonces, por qu\u00e9 esperar? Date un capricho a ti mismo, a tus amigos o a tus colegas con una experiencia que celebra la verdadera esencia de la comida mexicana en Suiza.<\/p>\t\t\t\t\t\t\t\t<\/div>\n\t\t\t\t<\/div>\n\t\t\t\t\t<\/div>\n\t\t<\/div>\n\t\t\t\t\t<\/div>\n\t\t<\/section>\n\t\t\t\t<\/div>\n\t\t","protected":false},"excerpt":{"rendered":"<p>Parada 30 en Thun El cartell en Basel La chamaca Si est\u00e1s buscando la experiencia definitiva de comer comida mexicana en Suiza, no busques m\u00e1s<\/p>\n","protected":false},"author":1,"featured_media":0,"parent":0,"menu_order":0,"comment_status":"closed","ping_status":"closed","template":"","meta":{"footnotes":""},"class_list":["post-44","page","type-page","status-publish","hentry"],"_links":{"self":[{"href":"https:\/\/suiza.mex.trade\/index.php?rest_route=\/wp\/v2\/pages\/44","targetHints":{"allow":["GET"]}}],"collection":[{"href":"https:\/\/suiza.mex.trade\/index.php?rest_route=\/wp\/v2\/pages"}],"about":[{"href":"https:\/\/suiza.mex.trade\/index.php?rest_route=\/wp\/v2\/types\/page"}],"author":[{"embeddable":true,"href":"https:\/\/suiza.mex.trade\/index.php?rest_route=\/wp\/v2\/users\/1"}],"replies":[{"embeddable":true,"href":"https:\/\/suiza.mex.trade\/index.php?rest_route=%2Fwp%2Fv2%2Fcomments&post=44"}],"version-history":[{"count":24,"href":"https:\/\/suiza.mex.trade\/index.php?rest_route=\/wp\/v2\/pages\/44\/revisions"}],"predecessor-version":[{"id":247,"href":"https:\/\/suiza.mex.trade\/index.php?rest_route=\/wp\/v2\/pages\/44\/revisions\/247"}],"wp:attachment":[{"href":"https:\/\/suiza.mex.trade\/index.php?rest_route=%2Fwp%2Fv2%2Fmedia&parent=44"}],"curies":[{"name":"wp","href":"https:\/\/api.w.org\/{rel}","templated":true}]}}